{"id":1377,"date":"2025-08-17T17:14:53","date_gmt":"2025-08-17T21:14:53","guid":{"rendered":"https:\/\/abxstack.com\/?page_id=1377"},"modified":"2025-08-31T23:01:58","modified_gmt":"2025-09-01T03:01:58","slug":"fractional-abm-leadership","status":"publish","type":"page","link":"https:\/\/abxstack.com\/fr\/fractional-abm-leadership\/","title":{"rendered":"Leadership ABM fractionnaire"},"content":{"rendered":"<div class=\"wp-block-cover\" style=\"min-height:296px;aspect-ratio:unset;\"><span aria-hidden=\"true\" class=\"wp-block-cover__background has-nv-site-bg-background-color has-background-dim-100 has-background-dim\"><\/span><div class=\"wp-block-cover__inner-container is-layout-constrained wp-block-cover-is-layout-constrained\">\n<div class=\"wp-block-group\"><div class=\"wp-block-group__inner-container is-layout-constrained wp-block-group-is-layout-constrained\">\n<div class=\"wp-block-columns is-layout-flex wp-container-core-columns-is-layout-9d6595d7 wp-block-columns-is-layout-flex\">\n<div class=\"wp-block-column is-layout-flow wp-block-column-is-layout-flow\">\n<h3 class=\"wp-block-heading ticss-0d4aad52 has-large-font-size\">B\u00e9n\u00e9ficiez d&#039;une expertise ABM de haut niveau sans les co\u00fbts fixes d&#039;un poste \u00e0 temps plein.<\/h3>\n\n\n\n<p class=\"has-neve-text-color-color has-text-color has-link-color wp-elements-2a13a3c728e3ca7e6954ecf7c73b0a58\">L&#039;ABM \u00e9choue lorsqu&#039;elle manque de ressources ou qu&#039;elle est laiss\u00e9e en pilotage automatique. Cette phase propose un leadership ABM \u00e0 temps partiel et exp\u00e9riment\u00e9, qui accompagne votre \u00e9quipe, veille au bon d\u00e9roulement des op\u00e9rations et s&#039;assure que le programme reste align\u00e9 sur les objectifs de revenus.<\/p>\n<\/div>\n<\/div>\n<\/div><\/div>\n<\/div><\/div>\n\n\n\n<div class=\"wp-block-cover\"><span aria-hidden=\"true\" class=\"wp-block-cover__background has-nv-light-bg-background-color has-background-dim-100 has-background-dim\"><\/span><div class=\"wp-block-cover__inner-container is-layout-constrained wp-block-cover-is-layout-constrained\">\n<p class=\"has-text-align-center has-neve-text-color-color has-text-color has-link-color has-large-font-size wp-elements-ec1f5fe3db74fc2181f82bfa49f8ade9\">Ce que cela implique<\/p>\n\n\n\n<div class=\"wp-block-group\"><div class=\"wp-block-group__inner-container is-layout-constrained wp-block-group-is-layout-constrained\">\n<div class=\"wp-block-columns is-layout-flex wp-container-core-columns-is-layout-9d6595d7 wp-block-columns-is-layout-flex\">\n<div class=\"wp-block-column is-layout-flow wp-block-column-is-layout-flow\">\n<ul class=\"wp-block-list\">\n<li class=\"has-neve-text-color-color has-text-color has-link-color wp-elements-0b2073f530b2793ee485629d22b36653\"><strong>Gouvernance du programme<\/strong>&nbsp;\u2013 des s\u00e9ances de pilotage r\u00e9guli\u00e8res pour assurer l&#039;alignement des \u00e9quipes commerciales, marketing et RevOps.<\/li>\n\n\n\n<li class=\"has-neve-text-color-color has-text-color has-link-color wp-elements-f0c27d19ba10a9536389bbfcbf730ec7\"><strong>Supervision du jeu<\/strong>&nbsp;\u2013 examiner les campagnes et les actions de communication pour s\u2019assurer qu\u2019elles correspondent \u00e0 la strat\u00e9gie et au cadre de signalisation.<\/li>\n\n\n\n<li class=\"has-neve-text-color-color has-text-color has-link-color wp-elements-83210ce1f11a6ff2884abe2fce840f01\"><strong>Coaching et accompagnement<\/strong>&nbsp;\u2013 perfectionner les comp\u00e9tences des sp\u00e9cialistes du marketing et des vendeurs en mati\u00e8re de bonnes pratiques ABM, de ciblage \u00e9thique et de mesures pertinentes.<\/li>\n\n\n\n<li class=\"has-neve-text-color-color has-text-color has-link-color wp-elements-79edd515a8d0b05c4b607be2c3f56f9c\"><strong>Orchestration des fournisseurs<\/strong>&nbsp;\u2013 g\u00e9rer les relations avec les plateformes (6sense, Demandbase) et les agences partenaires.<\/li>\n\n\n\n<li class=\"has-neve-text-color-color has-text-color has-link-color wp-elements-68a7f9c1334c5dee20c399f4ac1a757a\"><strong>revues d&#039;activit\u00e9 trimestrielles<\/strong>&nbsp;\u2013 Suivre les progr\u00e8s par rapport au plan sur 90 jours, ajuster les segments et actualiser les strat\u00e9gies.<\/li>\n<\/ul>\n<\/div>\n<\/div>\n<\/div><\/div>\n<\/div><\/div>\n\n\n\n<div class=\"nv-cv-m wp-block-cover\"><img decoding=\"async\" class=\"wp-block-cover__image-background wp-image-1711 size-full\" alt=\"ABX Stack background triangles\" src=\"https:\/\/abxstack.com\/wp-content\/uploads\/2025\/08\/hero-bg6_final-72597e.svg\" data-object-fit=\"cover\"\/><span aria-hidden=\"true\" class=\"wp-block-cover__background has-nv-site-bg-background-color has-background-dim\"><\/span><div class=\"wp-block-cover__inner-container is-layout-constrained wp-block-cover-is-layout-constrained\">\n<p class=\"has-text-align-center has-neve-text-color-color has-text-color has-link-color has-large-font-size wp-elements-7e5e51d47297035de6ca2ef1cb8520f7\">Le r\u00e9sultat attendu<\/p>\n\n\n\n<div class=\"wp-block-columns is-layout-flex wp-container-core-columns-is-layout-9d6595d7 wp-block-columns-is-layout-flex\">\n<div class=\"wp-block-column is-layout-flow wp-block-column-is-layout-flow\">\n<ul class=\"wp-block-list\">\n<li class=\"has-neve-text-color-color has-text-color has-link-color wp-elements-4c8c6c703cbf59ce63b3097bd5cb2934\">Ex\u00e9cution syst\u00e9matique des strat\u00e9gies ABM, et pas seulement des documents strat\u00e9giques.<\/li>\n\n\n\n<li class=\"has-neve-text-color-color has-text-color has-link-color wp-elements-58958fe2f6c834b234c968c0d5613fa1\">Une couche de direction qui veille \u00e0 ce que les \u00e9quipes commerciales et marketing soient responsables des m\u00eames objectifs.<\/li>\n\n\n\n<li class=\"has-neve-text-color-color has-text-color has-link-color wp-elements-9f12002293c946be6a0b70ffff2cf3b6\">Cycles d&#039;apprentissage plus rapides \u2014 les programmes sont test\u00e9s, mesur\u00e9s et optimis\u00e9s rapidement.<\/li>\n\n\n\n<li class=\"has-neve-text-color-color has-text-color has-link-color wp-elements-642f67ee9893ba6d7dd04e111bd2465a\">La confiance, au niveau de la direction, que l&#039;ABM est g\u00e9r\u00e9e par quelqu&#039;un qui a d\u00e9j\u00e0 fait ses preuves.<\/li>\n<\/ul>\n<\/div>\n<\/div>\n<\/div><\/div>\n\n\n\n<div class=\"nv-cv-m wp-block-cover\"><span aria-hidden=\"true\" class=\"wp-block-cover__background has-nv-light-bg-background-color has-background-dim-100 has-background-dim\"><\/span><div class=\"wp-block-cover__inner-container is-layout-constrained wp-block-cover-is-layout-constrained\">\n<p class=\"has-text-align-center has-neve-text-color-color has-text-color has-link-color has-large-font-size wp-elements-80b78fbee26386d557ec270592215d01\">FAQ sur le leadership ABM \u00e0 temps partiel<\/p>\n\n\n\n<div class=\"schema-faq wp-block-yoast-faq-block\"><div class=\"schema-faq-section\" id=\"faq-question-1756695577962\"><strong class=\"schema-faq-question\"><strong>Qu\u2019est-ce que le leadership ABM fractionn\u00e9\u00a0?<\/strong><\/strong> <p class=\"schema-faq-answer\">Il s&#039;agit d&#039;une expertise ABM de haut niveau apport\u00e9e \u00e0 temps partiel, vous b\u00e9n\u00e9ficiez ainsi d&#039;une direction exp\u00e9riment\u00e9e sans avoir \u00e0 embaucher un directeur ABM \u00e0 temps plein.<\/p> <\/div> <div class=\"schema-faq-section\" id=\"faq-question-1756695667484\"><strong class=\"schema-faq-question\"><strong>Que fait un leader ABM fractionn\u00e9 ?<\/strong><\/strong> <p class=\"schema-faq-answer\">Ils g\u00e8rent votre programme ABM, supervisent les strat\u00e9gies, encadrent votre \u00e9quipe, g\u00e8rent les fournisseurs et veillent \u00e0 ce que les \u00e9quipes commerciales et marketing atteignent leurs objectifs de revenus.<\/p> <\/div> <div class=\"schema-faq-section\" id=\"faq-question-1756695690868\"><strong class=\"schema-faq-question\"><strong>Quand une entreprise devrait-elle envisager un leadership ABM \u00e0 temps partiel\u00a0?<\/strong><\/strong> <p class=\"schema-faq-answer\">Lorsque l&#039;ABM stagne en raison d&#039;un manque de ressources, de discipline d&#039;ex\u00e9cution ou d&#039;alignement du leadership, un leadership ABM \u00e0 temps partiel fournit la structure et la responsabilit\u00e9 n\u00e9cessaires pour faire avancer les programmes.<\/p> <\/div> <\/div>\n<\/div><\/div>\n\n\n\n<div class=\"nv-cv-d nv-cv-m wp-block-cover\"><span aria-hidden=\"true\" class=\"wp-block-cover__background has-nv-site-bg-background-color has-background-dim-100 has-background-dim\"><\/span><div class=\"wp-block-cover__inner-container is-layout-constrained wp-block-cover-is-layout-constrained\">\n<p class=\"has-text-align-center has-neve-text-color-color has-text-color has-link-color has-large-font-size wp-elements-c57a7cd597e983163fe0eea38a926313\">Vous voulez en savoir plus ?<\/p>\n\n\n\n<div class=\"wp-block-group\"><div class=\"wp-block-group__inner-container is-layout-constrained wp-block-group-is-layout-constrained\">\n<div class=\"wp-block-columns is-layout-flex wp-container-core-columns-is-layout-9d6595d7 wp-block-columns-is-layout-flex\">\n<div class=\"wp-block-column is-layout-flow wp-block-column-is-layout-flow\">\n<p class=\"has-neve-text-color-color has-text-color has-link-color wp-elements-fff78b2b6e4866d7d8cc5dc6826a2e6a\">R\u00e9servez une s\u00e9ance de travail de 30 minutes. Nous examinerons votre pipeline actuel, choisirons un segment et d\u00e9finirons un projet pilote que vous pourrez d\u00e9marrer imm\u00e9diatement.<\/p>\n<\/div>\n<\/div>\n<\/div><\/div>\n\n\n\n<!-- Calendly (Functional \u2014 gated) -->\n<div class=\"calendly-inline-widget\"\n     data-url=\"https:\/\/calendly.com\/abxstack\/30min\"\n     style=\"min-width:320px;height:700px;\"><\/div>\n\n<!-- Loader runs only after user enables Functional in the cookie modal -->\n<script type=\"text\/plain\"\n        data-cookie=\"functional\"\n        data-src=\"https:\/\/assets.calendly.com\/assets\/external\/widget.js\"\n        data-defer><\/script>\n\n<!-- Track scheduled meetings in GA4 (and optionally LinkedIn) -->\n<script>\n  window.addEventListener('message', function (e) {\n    if (!e || !e.data || e.data.event !== 'calendly.event_scheduled') return;\n    if (typeof gtag === 'function') {\n      gtag('event', 'calendly_event_scheduled', {\n        send_to: 'G-SQKLW5333S',\n        meeting_type: '30min',\n        calendly_event_uri: (e.data.payload && e.data.payload.event && e.data.payload.event.uri) || ''\n      });\n    }\n    \/\/ LinkedIn conversion example (replace 123456 after you create one)\n    \/\/ if (window.lintrk) lintrk('track', { conversion_id: 123456 });\n  });\n<\/script>\n\n<style>\n  @media (max-width:480px){\n    .calendly-inline-widget{ height: 900px !important; }\n  }\n<\/style>\n<\/div><\/div>\n\n\n\n<p><\/p>","protected":false},"excerpt":{"rendered":"","protected":false},"author":2,"featured_media":0,"parent":0,"menu_order":0,"comment_status":"closed","ping_status":"closed","template":"","meta":{"_seopress_robots_primary_cat":"0","_seopress_titles_title":"Fractional ABM Leadership | Account-Based Marketing","_seopress_titles_desc":"Bring in fractional ABM leadership without full-time overhead. Guide strategy, coach teams, oversee plays, and ensure sales and marketing","_seopress_robots_index":"","content-type":"","neve_meta_sidebar":"","neve_meta_container":"","neve_meta_enable_content_width":"","neve_meta_content_width":0,"neve_meta_title_alignment":"","neve_meta_author_avatar":"","neve_post_elements_order":"","neve_meta_disable_header":"","neve_meta_disable_footer":"","neve_meta_disable_title":"off","neve_meta_reading_time":"","_themeisle_gutenberg_block_has_review":false,"footnotes":""},"class_list":["post-1377","page","type-page","status-publish","hentry"],"_links":{"self":[{"href":"https:\/\/abxstack.com\/fr\/wp-json\/wp\/v2\/pages\/1377","targetHints":{"allow":["GET"]}}],"collection":[{"href":"https:\/\/abxstack.com\/fr\/wp-json\/wp\/v2\/pages"}],"about":[{"href":"https:\/\/abxstack.com\/fr\/wp-json\/wp\/v2\/types\/page"}],"author":[{"embeddable":true,"href":"https:\/\/abxstack.com\/fr\/wp-json\/wp\/v2\/users\/2"}],"replies":[{"embeddable":true,"href":"https:\/\/abxstack.com\/fr\/wp-json\/wp\/v2\/comments?post=1377"}],"version-history":[{"count":7,"href":"https:\/\/abxstack.com\/fr\/wp-json\/wp\/v2\/pages\/1377\/revisions"}],"predecessor-version":[{"id":1723,"href":"https:\/\/abxstack.com\/fr\/wp-json\/wp\/v2\/pages\/1377\/revisions\/1723"}],"wp:attachment":[{"href":"https:\/\/abxstack.com\/fr\/wp-json\/wp\/v2\/media?parent=1377"}],"curies":[{"name":"wp","href":"https:\/\/api.w.org\/{rel}","templated":true}]}}