{"id":1459,"date":"2025-08-21T00:58:45","date_gmt":"2025-08-21T04:58:45","guid":{"rendered":"https:\/\/abxstack.com\/?page_id=1459"},"modified":"2026-04-26T15:11:55","modified_gmt":"2026-04-26T19:11:55","slug":"about-abx-stack","status":"publish","type":"page","link":"https:\/\/abxstack.com\/fr\/about-abx-stack\/","title":{"rendered":"\u00c0 propos"},"content":{"rendered":"<div class=\"wp-block-columns is-layout-flex wp-container-core-columns-is-layout-9d6595d7 wp-block-columns-is-layout-flex\">\n<div class=\"wp-block-column is-layout-flow wp-block-column-is-layout-flow\">\n<figure class=\"wp-block-image size-full\"><img decoding=\"async\" width=\"788\" height=\"794\" src=\"https:\/\/abxstack.com\/wp-content\/uploads\/2026\/04\/Amanda-Heredia.jpg\" alt=\"Amanda Heredia, ABX Stack founder\" class=\"wp-image-2698\" srcset=\"https:\/\/abxstack.com\/wp-content\/uploads\/2026\/04\/Amanda-Heredia.jpg 788w, https:\/\/abxstack.com\/wp-content\/uploads\/2026\/04\/Amanda-Heredia-298x300.jpg 298w, https:\/\/abxstack.com\/wp-content\/uploads\/2026\/04\/Amanda-Heredia-150x150.jpg 150w, https:\/\/abxstack.com\/wp-content\/uploads\/2026\/04\/Amanda-Heredia-768x774.jpg 768w, https:\/\/abxstack.com\/wp-content\/uploads\/2026\/04\/Amanda-Heredia-12x12.jpg 12w\" sizes=\"(max-width: 788px) 100vw, 788px\" \/><\/figure>\n<\/div>\n\n\n\n<div class=\"wp-block-column is-vertically-aligned-center is-layout-flow wp-block-column-is-layout-flow\">\n<h2 class=\"wp-block-heading ticss-292a4f66\">Salut, je suis Amanda. J&#039;\u00e9cris sur <span class=\"underline-triple u-pink\">ABM de contenu<\/span>.<\/h2>\n\n\n\n<p>Je suis actuellement responsable de l&#039;ABM chez Vention et fondateur d&#039;ABX Stack, un cabinet sp\u00e9cialis\u00e9 dans l&#039;ABM de contenu\u00a0: comment l&#039;architecture des messages, la conception des preuves et la r\u00e9flexion sur l&#039;\u00e9tat de conviction permettent aux comit\u00e9s d&#039;achat B2B de passer de la prise de conscience \u00e0 l&#039;action et d&#039;avoir un impact sur le pipeline de revenus.<\/p>\n\n\n\n<p>J&#039;ai lanc\u00e9 ABX Stack suite \u00e0 un constat r\u00e9current lors de mes campagnes ABM\u00a0: la personnalisation ciblait les bons comptes et les bonnes personnes, mais le contenu ne suscitait aucune r\u00e9flexion. Non pas qu&#039;il f\u00fbt mauvais, mais il privil\u00e9giait la reconnaissance du compte plut\u00f4t que le d\u00e9veloppement de la conviction. Le contenu qui dit <em>nous savons qui vous \u00eates<\/em> L&#039;ABM traditionnelle est inutile et ne donne pas de r\u00e9sultats significatifs. Le marketing ABM par le contenu, quant \u00e0 lui, cible les prospects l\u00e0 o\u00f9 ils se trouvent r\u00e9ellement dans leur r\u00e9flexion sur un probl\u00e8me.<\/p>\n\n\n\n<div class=\"wp-block-buttons is-layout-flex wp-block-buttons-is-layout-flex\">\n<div class=\"wp-block-button is-style-default\"><a class=\"wp-block-button__link has-nv-site-bg-color has-neve-link-color-background-color has-text-color has-background has-link-color wp-element-button\" href=\"https:\/\/www.linkedin.com\/build-relation\/newsletter-follow?entityUrn=6964598621971386368\" target=\"_blank\" rel=\"noreferrer noopener\">Abonnez-vous \u00e0 ma newsletter<\/a><\/div>\n<\/div>\n<\/div>\n<\/div>\n\n\n\n<div style=\"height:220px\" aria-hidden=\"true\" class=\"wp-block-spacer\"><\/div>\n\n\n\n<p style=\"font-size:12px\"><strong>Informations sur l&#039;entit\u00e9\u00a0:<\/strong><br><strong>Nom:<\/strong>&nbsp;Pile ABX. <strong>Fond\u00e9:<\/strong>&nbsp;2025. <strong>Quartier g\u00e9n\u00e9ral:<\/strong>&nbsp;Montr\u00e9al, Canada. <strong>Fondateur:<\/strong>&nbsp;Amanda Heredia. <strong>Site web:<\/strong>&nbsp;<a href=\"https:\/\/abxstack.com\">https:\/\/abxstack.com<\/a>. <strong>R\u00e9seaux sociaux :<\/strong>&nbsp;<a href=\"https:\/\/www.linkedin.com\/company\/abx-stack\/\">LinkedIn<\/a>. <strong>Mission<\/strong>Aider les organisations \u00e0 mettre en \u0153uvre le marketing ABM de contenu en utilisant l&#039;architecture des messages, la conception de preuves et la r\u00e9flexion sur l&#039;\u00e9tat de conviction pour faire passer les comit\u00e9s d&#039;achat de la prise de conscience \u00e0 l&#039;action et \u00e0 l&#039;impact sur le pipeline de revenus.<strong>Langue<\/strong>:Travaillez principalement avec des entreprises technologiques internationales en anglais.<\/p>","protected":false},"excerpt":{"rendered":"<p>Hi, I&#8217;m Amanda. I write about Content ABM. I am currently the Head of ABM at Vention, and the founder of ABX Stack, a practice on Content ABM: how message architecture, proof design, and conviction-state thinking move B2B buying committees from awareness to action and impact on revenue pipeline. I started ABX Stack because of&hellip;&nbsp;<\/p>","protected":false},"author":2,"featured_media":0,"parent":0,"menu_order":0,"comment_status":"closed","ping_status":"closed","template":"","meta":{"_seopress_robots_primary_cat":"0","_seopress_titles_title":"About Amanda Heredia | ABX Stack","_seopress_titles_desc":"I'm Amanda Heredia, founder of ABX Stack, a practice focused on Content ABM, message architecture for B2B buying committees to impact revenue pipeline.","_seopress_robots_index":"","content-type":"","neve_meta_sidebar":"","neve_meta_container":"","neve_meta_enable_content_width":"","neve_meta_content_width":0,"neve_meta_title_alignment":"","neve_meta_author_avatar":"","neve_post_elements_order":"","neve_meta_disable_header":"","neve_meta_disable_footer":"","neve_meta_disable_title":"off","neve_meta_reading_time":"","_themeisle_gutenberg_block_has_review":false,"footnotes":""},"class_list":["post-1459","page","type-page","status-publish","hentry"],"_links":{"self":[{"href":"https:\/\/abxstack.com\/fr\/wp-json\/wp\/v2\/pages\/1459","targetHints":{"allow":["GET"]}}],"collection":[{"href":"https:\/\/abxstack.com\/fr\/wp-json\/wp\/v2\/pages"}],"about":[{"href":"https:\/\/abxstack.com\/fr\/wp-json\/wp\/v2\/types\/page"}],"author":[{"embeddable":true,"href":"https:\/\/abxstack.com\/fr\/wp-json\/wp\/v2\/users\/2"}],"replies":[{"embeddable":true,"href":"https:\/\/abxstack.com\/fr\/wp-json\/wp\/v2\/comments?post=1459"}],"version-history":[{"count":31,"href":"https:\/\/abxstack.com\/fr\/wp-json\/wp\/v2\/pages\/1459\/revisions"}],"predecessor-version":[{"id":2912,"href":"https:\/\/abxstack.com\/fr\/wp-json\/wp\/v2\/pages\/1459\/revisions\/2912"}],"wp:attachment":[{"href":"https:\/\/abxstack.com\/fr\/wp-json\/wp\/v2\/media?parent=1459"}],"curies":[{"name":"wp","href":"https:\/\/api.w.org\/{rel}","templated":true}]}}